{"id":33,"date":"2024-12-20T15:44:32","date_gmt":"2024-12-20T15:44:32","guid":{"rendered":"https:\/\/sepoltech.com.br\/site\/home\/"},"modified":"2025-02-03T18:02:46","modified_gmt":"2025-02-03T18:02:46","slug":"home","status":"publish","type":"page","link":"https:\/\/sepoltech.com.br\/site\/","title":{"rendered":"Home"},"content":{"rendered":"\n\n\n<p><font color=\"#7f7f7f\"><span style=\"font-size: 16px;\">Laborat\u00f3rio t\u00e9cnico com equipe especializada no reparo de equipamentos<\/span><\/font><\/p>\n\n\n<p><font color=\"#7f7f7f\"><span style=\"font-size: 16px;\">Suporte t\u00e9cnico r\u00e1pido garantindo a continuidade do seu servi\u00e7o<\/span><\/font><\/p>\n\n\n<p><font color=\"#7f7f7f\"><span style=\"font-size: 16px;\">Prote\u00e7\u00e3o avan\u00e7ada para garantir a seguran\u00e7a do seu parque tecnologico<\/span><\/font><\/p>\n\n\n<p><font color=\"#7f7f7f\"><span style=\"font-size: 16px;\">Gest\u00e3o de TI para pequenas e m\u00e9dias empresas, com apoio para sua equipe.<\/span><\/font><\/p>\n\n\n\n\n<h3>Armazenamento em Nuvem<\/h3>\n<h5>O Nextcloud oferece armazenamento e compartilhamento dd arquivos, sincroniza\u00e7\u00e3o em tempo real, seguran\u00e7a e privacidade com comunica\u00e7\u00e3o e Integra\u00e7\u00e3o a aplica\u00e7\u00f5es, escalabilidade e personaliza\u00e7\u00e3o.<\/h5>\n<h5>Nextcloud \u00e9 uma plataforma de c\u00f3digo aberto para armazenamento de arquivos e colabora\u00e7\u00e3o na nuvem. \u00c9 uma solu\u00e7\u00e3o autohospedada. O Nextcloud oferece funcionalidades que permitem tanto o armazenamento quanto o compartilhamento de arquivos de forma segura e eficiente, e ainda inclui ferramentas para colabora\u00e7\u00e3o em tempo real.<\/h5>\n\n\n\n\n\n\n\n\n\n\n\n\n\n\n<h5 style=\"text-decoration-style: initial;\">Fundada em 2007, a sepolTECH surgiu com a proposta de oferecer ao mercado solu\u00e7\u00f5es em tecnologia da informa\u00e7\u00e3o.<\/h5>\n\n\n\n\n\n\n<h5 style=\"text-decoration-style: initial;\">Construir uma parceria de longo prazo e contribuir para a fluidez do seu neg\u00f3cio<\/h5>\n\n\n\n\n\n\n<h5 style=\"text-decoration-style: initial;\">Auxiliar voc\u00ea e a sua equipe para que concentrem-se no que realmente importa: o crescimento do seu neg\u00f3cio!<\/h5>\n\n\n\n\n\n\n<h5 style=\"text-decoration-style: initial;\">Nosso time \u00e9 o cora\u00e7\u00e3o da nossa empresa, composto por pessoas talentosas, dedicadas e que trabalham com paix\u00e3o para alcan\u00e7ar um objetivo em comum.<\/h5>\n\n\n\n\n\n\n\n\n\n\n\n\n\n\n\n\n\n\n\n\n\n\n\n\n\n<h2><div pagelayer-id=\"wzo5512\" class=\"p-wzo5512 pagelayer-heading\" style=\"width: 565px; margin-bottom: 15px; color: rgb(0, 0, 0); font-size: 18px; font-weight: 400; text-transform: none; text-decoration-style: initial;\"><div class=\"pagelayer-heading-holder\"><\/div><\/div><div pagelayer-id=\"ckk1565\" class=\"p-ckk1565 pagelayer-heading\" style=\"width: 565px; margin-bottom: 15px; color: rgb(0, 0, 0); font-size: 18px; font-weight: 400; text-transform: none; text-decoration-style: initial;\"><div class=\"pagelayer-heading-holder\"><\/div><\/div><\/h2><h2 style=\"box-sizing: border-box; padding: 0px; margin: 0px; overflow-wrap: break-word; font-family: Poppins; font-size: 40px; font-weight: 600 !important; color: rgb(0, 48, 184); text-decoration-style: solid !important;\">Projetos personalizados para o seu neg\u00f3cio<\/h2>\n<h5 style=\"text-decoration-style: initial;\">A tecnologia certa pode transformar o futuro do seu neg\u00f3cio. Oferecemos projetos de TI personalizados, criados sob medida para atender \u00e0s demandas espec\u00edficas da sua empresa.<\/h5>\n<h5><div pagelayer-id=\"thp7439\" class=\"p-thp7439 pagelayer-heading\" style=\"width: 565px; margin-bottom: 15px; text-decoration-style: initial;\"><div class=\"pagelayer-heading-holder\"><\/div><\/div><\/h5><h5 style=\"box-sizing: border-box; padding: 0px; margin: 0px; overflow-wrap: break-word; font-family: Poppins; font-size: 18px; font-weight: 200 !important; text-decoration-style: solid !important; line-height: 1.6em !important;\">Desde a implementa\u00e7\u00e3o de sistemas at\u00e9 a otimiza\u00e7\u00e3o de infraestrutura, garantimos solu\u00e7\u00f5es inovadoras e eficientes para aumentar sua produtividade, seguran\u00e7a e conectividade. Vamos juntos levar sua opera\u00e7\u00e3o para o pr\u00f3ximo n\u00edvel.<\/h5>\n\n\n\n\n\n<h2>Nossos Produtos<\/h2>\n\n\n\n\n\n\n\n\n\n\n\n\n\n\n\n\n\n\n<h2>Nossa Loja<\/h2>\n\n<span style=\"font-size: 16px;\">Mouse sem Fio Logitech M185 com desing ambidestro e compacto<\/span>\n<span style=\"font-size: 16px;\">SSD 240 GB Kingston A400 SATA III Leitura 500 MB\/s Grava\u00e7\u00e3o 350 MB\/s SA400S37\/240G<\/span>\n<span style=\"font-size: 16px;\">SSD Hikvision 240 GB 2.5 Pol. SATA<\/span>at.\n\n\n\n","protected":false},"excerpt":{"rendered":"","protected":false},"author":1,"featured_media":0,"parent":0,"menu_order":0,"comment_status":"closed","ping_status":"closed","template":"","meta":{"pagelayer_contact_templates":[],"_pagelayer_content":"","footnotes":""},"class_list":["post-33","page","type-page","status-publish","hentry"],"_links":{"self":[{"href":"https:\/\/sepoltech.com.br\/site\/wp-json\/wp\/v2\/pages\/33","targetHints":{"allow":["GET"]}}],"collection":[{"href":"https:\/\/sepoltech.com.br\/site\/wp-json\/wp\/v2\/pages"}],"about":[{"href":"https:\/\/sepoltech.com.br\/site\/wp-json\/wp\/v2\/types\/page"}],"author":[{"embeddable":true,"href":"https:\/\/sepoltech.com.br\/site\/wp-json\/wp\/v2\/users\/1"}],"replies":[{"embeddable":true,"href":"https:\/\/sepoltech.com.br\/site\/wp-json\/wp\/v2\/comments?post=33"}],"version-history":[{"count":30,"href":"https:\/\/sepoltech.com.br\/site\/wp-json\/wp\/v2\/pages\/33\/revisions"}],"predecessor-version":[{"id":168,"href":"https:\/\/sepoltech.com.br\/site\/wp-json\/wp\/v2\/pages\/33\/revisions\/168"}],"wp:attachment":[{"href":"https:\/\/sepoltech.com.br\/site\/wp-json\/wp\/v2\/media?parent=33"}],"curies":[{"name":"wp","href":"https:\/\/api.w.org\/{rel}","templated":true}]}}